{"id":2386,"date":"2020-05-24T16:25:40","date_gmt":"2020-05-24T16:25:40","guid":{"rendered":"http:\/\/alcierzo.com\/?page_id=2386"},"modified":"2025-08-31T20:02:56","modified_gmt":"2025-08-31T19:02:56","slug":"privacy","status":"publish","type":"page","link":"https:\/\/alcierzo.com\/?page_id=2386","title":{"rendered":"Pol\u00edtica de privacidad"},"content":{"rendered":"\n<h4 class=\"wp-block-heading has-vivid-red-color has-text-color\">Qui\u00e9nes somos<\/h4>\n\n\n\n<p>AL CIERZO es una p\u00e1gina personal de Juan Yzuel Sanz, en adelante el PROPIETARIO DE LA WEB. Es un sitio <strong>gratuito <\/strong>y de <strong>libre acceso<\/strong> con la direcci\u00f3n <a href=\"https:alcierzo.com\">https:alcierzo.com<\/a> <\/p>\n\n\n\n<h4 class=\"wp-block-heading has-vivid-red-color has-text-color\">Respeto absoluto<\/h4>\n\n\n\n<p>Esta p\u00e1gina <strong>respeta absolutamente tu privacidad<\/strong>. No existe aqu\u00ed ning\u00fan inter\u00e9s en vender nada o recoger ning\u00fan dato personal. De hecho, no se ver\u00e1 aqu\u00ed ning\u00fan anuncio externo, a pesar de las consecuencias econ\u00f3micas que el mantenimiento y gesti\u00f3n de un servicio as\u00ed suponen.<\/p>\n\n\n\n<p>Pero toda navegaci\u00f3n en Internet implica dejar un <strong>rastro digital<\/strong>. Por ello, esta p\u00e1gina ser\u00e1 lo menos intrusiva posible cumpliendo escrupulosamente, a la vez, la legislaci\u00f3n de la Uni\u00f3n Europea, el espacio mundial donde la privacidad y los derechos de la persona est\u00e1n mejor protegidos.<\/p>\n\n\n\n<p>Dado que debemos evitar que bots puedan usar fuerza bruta para entrar en la p\u00e1gina, al navegar entiendes y das tu consentimiento para que tu direcci\u00f3n IP y la informaci\u00f3n de tu navegador puedan ser procesadas por los plugins de seguridad instalados en este sitio.<\/p>\n\n\n\n<h4 class=\"wp-block-heading has-vivid-red-color has-text-color\">Qu\u00e9 datos personales recogemos y para qu\u00e9<\/h4>\n\n\n\n<h5 class=\"wp-block-heading\">Comentarios<\/h5>\n\n\n\n<p>Cuando se abre la opci\u00f3n de subir comentarios en alguna p\u00e1gina o entrada en concreto, cuando los visitantes dejan comentarios en el sitio, la p\u00e1gina recopila los datos que se muestran en el formulario de comentarios, y tambi\u00e9n la direcci\u00f3n IP del visitante y la cadena del agente de usuario del navegador <strong>para ayudar a la detecci\u00f3n de spam<\/strong>.<\/p>\n\n\n\n<p>El programa de gesti\u00f3n de comentarios proporciona entonces una cadena an\u00f3nima creada a partir de su direcci\u00f3n de correo electr\u00f3nico (tambi\u00e9n llamada hash) al servicio <em><strong>Gravatar <\/strong><\/em>para ver si el usuario est\u00e1 utilizando este identificador en la red. En caso afirmativo, despu\u00e9s de la aprobaci\u00f3n de su comentario, su foto de perfil es visible para el p\u00fablico en el contexto de su comentario. La pol\u00edtica de privacidad espec\u00edfica del servicio <em>Gravatar <\/em>est\u00e1 disponible aqu\u00ed: <a href=\"https:\/\/automattic.com\/privacy\/\">https:\/\/automattic.com\/privacy\/<\/a>.<\/p>\n\n\n\n<h5 class=\"wp-block-heading\">Im\u00e1genes y multimedia<\/h5>\n\n\n\n<p>No se admite que ning\u00fan visitante\/usuario suba contenido multimedia ni im\u00e1genes a este sitio web, excepto las que puede aportar <em>Gravatar<\/em>.<\/p>\n\n\n\n<h5 class=\"wp-block-heading\">Formularios de contacto<\/h5>\n\n\n\n<p>Para cumplir la <strong>LOPD <\/strong>plenamente, en los formularios de contacto donde se recojan datos personales, y seg\u00fan informe jur\u00eddico de la <strong>AEPD <\/strong>en este aspecto, en cada formulario de contacto donde el visitante introduzca sus datos, se ha a\u00f1adido una <strong>casilla de confirmaci\u00f3n<\/strong> que no est\u00e1 marcada previamente y antes del bot\u00f3n de Env\u00edo, con un enlace a la Pol\u00edtica de Privacidad.<\/p>\n\n\n\n<p>Al aceptar la Pol\u00edtica de Privacidad, permite al PROPIETARIO DE LA WEB utilizar sus datos para responder a su pregunta o entablar contacto con usted.<\/p>\n\n\n\n<h5 class=\"wp-block-heading\">Cookies<\/h5>\n\n\n\n<p>EL PROPIETARIO DE LA WEB podr\u00e1 utilizar cookies durante la prestaci\u00f3n de servicios del sitio web. Las cookies son ficheros f\u00edsicos de informaci\u00f3n personal alojados en el propio terminal del usuario. El usuario tiene la posibilidad de configurar su programa navegador de manera que se impida la creaci\u00f3n de archivos cookie o se advierta de la misma.<\/p>\n\n\n\n<p>Cuando un usuario entra en nuestra p\u00e1gina por primera vez, recibe una invitaci\u00f3n a aceptar el uso de cookies si sigue navegando. Estas cookies tienen una duraci\u00f3n de 180 d\u00edas, pasados los cuales se vuelve a pedir una nueva aceptaci\u00f3n.<\/p>\n\n\n\n<p>En el caso de que nuestra web est\u00e9 abierta a recibir comentarios en algunas p\u00e1ginas o entradas -por defecto no est\u00e1n permitidos\u2013, si deja un comentario en nuestro sitio, puede optar por guardar su nombre, direcci\u00f3n de correo electr\u00f3nico y sitio web en cookies. Estos son para su conveniencia para que no tenga que completar sus datos nuevamente cuando deje otro comentario. Estas cookies durar\u00e1n un a\u00f1o.<\/p>\n\n\n\n<p>Solo los administradores pueden entrar con nombre de usuario y contrase\u00f1a. No se permite darse de alta a ning\u00fan visitante. Ellos recibir\u00e1n una cookie cuando se conecten para completar sus datos autom\u00e1ticamente.<\/p>\n\n\n\n<p>Para saber m\u00e1s sobre el uso de las cookies, puede ir a la p\u00e1gina de <a rel=\"noreferrer noopener\" href=\"https:\/\/jetpack.com\/support\/cookies\/\" target=\"_blank\">JetPack<\/a> de WordPress, nuestro proveedor del programa inform\u00e1tico de la plataforma que utilizamos para gestionar este blog, donde se explican sus funcionalidades.<\/p>\n\n\n\n<h5 class=\"wp-block-heading\">Seguidores<\/h5>\n\n\n\n<p>Este sitio puede ser seguido por quienes as\u00ed lo deseen d\u00e1ndose de alta en una lista de correos que es administrada directamente por este mismo servidor, en Espa\u00f1a. Los datos no forman parte de ning\u00fan fichero de terceros.<\/p>\n\n\n\n<p>Quienes desean <strong>darse de alta<\/strong> deben proporcinar su nombre y correo electr\u00f3nico, confirmando la aceptaci\u00f3n de la pol\u00edtica de privacidad y confirmando de nuevo su alta desde un correo electr\u00f3nico de comprobaci\u00f3n enviado a su cuenta. A partir de entonces comenzar\u00e1n a recibir correos electr\u00f3nicos cada vez que aparezca una nueva entrada en el blog. En todo momento pueden <strong>darse de baja<\/strong> de la lista simplemente entrando en un enlace que se incluye en cada correo enviado.<\/p>\n\n\n\n<h5 class=\"wp-block-heading\">Contenido incrustado de otros sitios web<\/h5>\n\n\n\n<p>Los art\u00edculos en este sitio pueden incluir contenido incrustado (por ejemplo enlaces, videos, im\u00e1genes, art\u00edculos, etc.). El contenido incrustado de otros sitios web se comporta exactamente de la misma manera que si el visitante hubiera visitado el otro sitio web.<\/p>\n\n\n\n<p>De igual manera, si accede a darse de alta como seguidor de esta p\u00e1gina en redes sociales de como Facebook u otra plataforma, ser\u00e1n esos proveedores quienes gestiones sus datos. Estos sitios web pueden recopilar datos sobre usted, usar cookies, incrustar seguimiento adicional de terceros y monitorear su interacci\u00f3n con ese contenido incrustado, incluido el seguimiento de su interacci\u00f3n con el contenido incrustado si tiene una cuenta y ha iniciado sesi\u00f3n en ese sitio web.<\/p>\n\n\n\n<h5 class=\"wp-block-heading\">An\u00e1lisis<\/h5>\n\n\n\n<p>Con el prop\u00f3sito de comprender el n\u00famero de visitas y la procedencia, nuestro sistema automatizado recoge datos sobre las visitas a nuestro sitio web. El \u00fanico prop\u00f3sito de esta recogida de datos es el estad\u00edstico, y en ning\u00fan momento se pueden conocer los datos personales de quien navega por nuestra web. Usamos <em>WP Statistics <\/em>(el programa de estad\u00edsticas nativo de WordPress) para conocer el n\u00famero de visitas.<\/p>\n\n\n\n<h5 class=\"wp-block-heading\">Tratamiento de los datos<\/h5>\n\n\n\n<h5 class=\"wp-block-heading\">Con quien compartimos sus datos<\/h5>\n\n\n\n<p>EL PROPIETARIO LA WEB se compromete a no ceder, vender, ni compartir los datos con terceros sin su autorizaci\u00f3n expresa, excepto en casos de obligaci\u00f3n legal por orden judicial.<\/p>\n\n\n\n<h5 class=\"wp-block-heading\">Cu\u00e1nto tiempo conservamos sus datos<\/h5>\n\n\n\n<p>Si deja un comentario, el comentario y sus metadatos se retienen indefinidamente. Esto es para que podamos reconocer y aprobar los comentarios de seguimiento autom\u00e1ticamente en lugar de mantenerlos en una cola de moderaci\u00f3n.<\/p>\n\n\n\n<p>Para los usuarios que se registran en nuestro sitio web (si corresponde), tambi\u00e9n almacenamos la informaci\u00f3n personal que proporcionan en su perfil de usuario. Todos los usuarios pueden ver, editar o eliminar su informaci\u00f3n personal en cualquier momento (excepto que no pueden cambiar su nombre de usuario). Los administradores del sitio web tambi\u00e9n pueden ver y editar esa informaci\u00f3n.<\/p>\n\n\n\n<h5 class=\"wp-block-heading\">Qu\u00e9 derechos tiene sobre sus datos<\/h5>\n\n\n\n<p>Si ha dejado comentarios, puede solicitar recibir un archivo exportado de los datos personales que tenemos sobre usted, incluidos los datos que nos haya proporcionado. Tambi\u00e9n puede solicitar que borremos cualquier informaci\u00f3n personal que tengamos sobre usted. Esto no incluye ning\u00fan dato que estemos obligados a conservar con fines administrativos, legales o de seguridad.<\/p>\n\n\n\n<h5 class=\"wp-block-heading\">D\u00f3nde enviamos sus datos<\/h5>\n\n\n\n<p>Solo los comentarios de los visitantes \u2013que por defecto est\u00e1n desactivados\u2013 pueden verificarse a trav\u00e9s de un servicio automatizado y an\u00f3nimo de detecci\u00f3n de spam llamado Akismet, de la organizaci\u00f3n WordPress.com.<\/p>\n\n\n\n<h5 class=\"wp-block-heading\">Informaci\u00f3n de contacto sobre sus datos<\/h5>\n\n\n\n<p>Puede ponerse en contacto con nosotros en <a href=\"https:\/\/alcierzo.com\/?page_id=1412\" target=\"_blank\" rel=\"noreferrer noopener\">CONTACTO<\/a>.<\/p>\n\n\n\n<h4 class=\"wp-block-heading has-vivid-red-color has-text-color\">Informaci\u00f3n adicional<\/h4>\n\n\n\n<h5 class=\"wp-block-heading\">C\u00f3mo protegemos tus datos<\/h5>\n\n\n\n<p>Adoptamos los niveles de seguridad correspondientes requeridos por la Ley Org\u00e1nica 15\/1999 y dem\u00e1s normativa aplicable. No obstante, el PROPIETARIO DE LA WEB no asume ninguna responsabilidad por los da\u00f1os y perjuicios derivados de alteraciones que terceros pueden causar en los sistemas inform\u00e1ticos, documentos electr\u00f3nicos o ficheros.<\/p>\n\n\n\n<h5 class=\"wp-block-heading\">De qu\u00e9 terceros proveedores recibimos datos<\/h5>\n\n\n\n<p>No recibimos datos personales de ning\u00fan otro proveedor, ni los cruzamos de ninguna forma.<\/p>\n\n\n\n<h5 class=\"wp-block-heading\">Qu\u00e9 decisiones y \/ o perfiles automatizados hacemos con los datos del usuario<\/h5>\n\n\n\n<p>Ninguna, m\u00e1s all\u00e1 de contabilizar el n\u00famero de las visitas por franjas horarias o pa\u00edses de procedencia.<\/p>\n","protected":false},"excerpt":{"rendered":"<p>Qui\u00e9nes somos AL CIERZO es una p\u00e1gina personal de Juan Yzuel Sanz, en adelante el PROPIETARIO DE LA WEB. Es un sitio gratuito y de libre acceso con la direcci\u00f3n https:alcierzo.com Respeto absoluto Esta p\u00e1gina respeta absolutamente tu privacidad. No existe aqu\u00ed ning\u00fan inter\u00e9s en vender nada o recoger ning\u00fan dato personal. De hecho, no se ver\u00e1 aqu\u00ed ning\u00fan anuncio externo, a pesar de las consecuencias econ\u00f3micas que el mantenimiento y gesti\u00f3n de un servicio as\u00ed suponen. Pero toda navegaci\u00f3n en Internet implica dejar un rastro digital. Por ello, esta p\u00e1gina ser\u00e1 lo menos intrusiva posible cumpliendo escrupulosamente, a la\u2026 <a class=\"continue-reading-link\" href=\"https:\/\/alcierzo.com\/?page_id=2386\">Seguir leyendo&#8230;<\/a><\/p>\n","protected":false},"author":2,"featured_media":0,"parent":0,"menu_order":0,"comment_status":"closed","ping_status":"closed","template":"","meta":{"footnotes":""},"class_list":["post-2386","page","type-page","status-publish","hentry"],"jetpack_sharing_enabled":true,"post_mailing_queue_ids":[],"_links":{"self":[{"href":"https:\/\/alcierzo.com\/index.php?rest_route=\/wp\/v2\/pages\/2386","targetHints":{"allow":["GET"]}}],"collection":[{"href":"https:\/\/alcierzo.com\/index.php?rest_route=\/wp\/v2\/pages"}],"about":[{"href":"https:\/\/alcierzo.com\/index.php?rest_route=\/wp\/v2\/types\/page"}],"author":[{"embeddable":true,"href":"https:\/\/alcierzo.com\/index.php?rest_route=\/wp\/v2\/users\/2"}],"replies":[{"embeddable":true,"href":"https:\/\/alcierzo.com\/index.php?rest_route=%2Fwp%2Fv2%2Fcomments&post=2386"}],"version-history":[{"count":4,"href":"https:\/\/alcierzo.com\/index.php?rest_route=\/wp\/v2\/pages\/2386\/revisions"}],"predecessor-version":[{"id":2920,"href":"https:\/\/alcierzo.com\/index.php?rest_route=\/wp\/v2\/pages\/2386\/revisions\/2920"}],"wp:attachment":[{"href":"https:\/\/alcierzo.com\/index.php?rest_route=%2Fwp%2Fv2%2Fmedia&parent=2386"}],"curies":[{"name":"wp","href":"https:\/\/api.w.org\/{rel}","templated":true}]}}